{"id":48,"date":"2022-11-04T17:51:15","date_gmt":"2022-11-04T16:51:15","guid":{"rendered":"https:\/\/baeumer-modellplatten.de\/website\/?page_id=48"},"modified":"2022-11-05T10:33:42","modified_gmt":"2022-11-05T09:33:42","slug":"agb","status":"publish","type":"page","link":"https:\/\/baeumer-modellplatten.de\/website\/agb\/","title":{"rendered":"AGB"},"content":{"rendered":"\t\t<div data-elementor-type=\"wp-page\" data-elementor-id=\"48\" class=\"elementor elementor-48\">\n\t\t\t\t\t\t\t\t\t<section class=\"elementor-section elementor-top-section elementor-element elementor-element-5cb311ab elementor-section-boxed elementor-section-height-default elementor-section-height-default\" data-id=\"5cb311ab\" data-element_type=\"section\">\n\t\t\t\t\t\t<div class=\"elementor-container elementor-column-gap-default\">\n\t\t\t\t\t<div class=\"elementor-column elementor-col-100 elementor-top-column elementor-element elementor-element-40dc2ec0\" data-id=\"40dc2ec0\" data-element_type=\"column\">\n\t\t\t<div class=\"elementor-widget-wrap elementor-element-populated\">\n\t\t\t\t\t\t\t\t<div class=\"elementor-element elementor-element-205262e3 elementor-widget elementor-widget-text-editor\" data-id=\"205262e3\" data-element_type=\"widget\" data-widget_type=\"text-editor.default\">\n\t\t\t\t<div class=\"elementor-widget-container\">\n\t\t\t<style>\/*! elementor - v3.8.1 - 13-11-2022 *\/\n.elementor-widget-text-editor.elementor-drop-cap-view-stacked .elementor-drop-cap{background-color:#818a91;color:#fff}.elementor-widget-text-editor.elementor-drop-cap-view-framed .elementor-drop-cap{color:#818a91;border:3px solid;background-color:transparent}.elementor-widget-text-editor:not(.elementor-drop-cap-view-default) .elementor-drop-cap{margin-top:8px}.elementor-widget-text-editor:not(.elementor-drop-cap-view-default) .elementor-drop-cap-letter{width:1em;height:1em}.elementor-widget-text-editor .elementor-drop-cap{float:left;text-align:center;line-height:1;font-size:50px}.elementor-widget-text-editor .elementor-drop-cap-letter{display:inline-block}<\/style>\t\t\t\t<p><strong>1.Geltungsbereich<\/strong><br \/>Die Angebote, Leistungen und Lieferungen der B\u00e4umer Modellplatten GmbH (im folgenden kurz: B\u00e4umer GmbH) erfolgen ausschlie\u00dflich aufgrund dieser Gesch\u00e4ftsbedingungen. Gegenbest\u00e4tigungen des Kunden unter Hinweis auf seine eigenen Gesch\u00e4ftsbedingungen wird hiermit widersprochen. Abweichungen von diesen Gesch\u00e4ftsbedingungen sind nur nach schriftlicher Best\u00e4tigung durch die B\u00e4umer GmbH wirksam.<\/p><p><strong>2. Vertragsabschluss<\/strong><br \/>Angebote der B\u00e4umer GmbH sind frei bleibend und unverbindlich. Auftr\u00e4ge an die B\u00e4umer GmbH sind schriftlich zu erteilen und werden erst mit der Auftragsbest\u00e4tigung verbindlich. Liegt eine solche Best\u00e4tigung eine Woche nach Auftragserteilung nicht vor, so gilt der Auftrag als best\u00e4tigt. Nebenabreden, Erg\u00e4nzungen und \u00c4nderungen bed\u00fcrfen der Schriftform.<\/p><p>Im Falle von Abweichungen zwischen Angebot und Auftrag beh\u00e4lt sich die B\u00e4umer GmbH eine Nachkalkulation der Aufwendungen vor. Dies ist mit einer Auftragsbest\u00e4tigung schriftlich zu belegen und durch den Besteller zu best\u00e4tigen.<\/p><p><strong>3. Lieferverpflichtung und \u2013umfang<\/strong><br \/>Die B\u00e4umer GmbH verpflichtet sich, auf der Grundlage des Vertrages seine Leistungen nach dem Stand der Technik auszuf\u00fchren sowie das Produkt termingerecht und qualit\u00e4tsgerecht an den Kunden zu liefern.<br \/>Die Lieferfrist beginnt, sobald alle Ausf\u00fchrungseinzelheiten gekl\u00e4rt sind und der Besteller alle Voraussetzungen erf\u00fcllt hat. Soweit nicht anders vereinbart, gilt als Liefertag der Tag des Versandes. Verz\u00f6gert sich jedoch der Versand ohne Verschulden der B\u00e4umer GmbH, gilt der Tag der Bereitstellung als Liefertag.<br \/>F\u00fcr den Umfang der Lieferung sind die unter Punkt 2 genannten schriftlichen Vereinbarungen ma\u00dfgebend.<br \/>Dar\u00fcber hinaus gelten die folgenden besonderen Bedingungen:<\/p><p><strong>3.1. Sonstige Dienstleistungen<\/strong><br \/>Ma\u00dfgeblich f\u00fcr die Richtigkeit und Qualit\u00e4t der auszuf\u00fchrenden Leistungen (3D-CAD-Modellierung, Konstruktion, Produktentwicklung, Werkzeugkonstruktion) sind die durch den Kunden \u00fcbergebenen technischen Unterlagen (Muster, Artikelzeichnung, 3D-CAD-Datenmodell, Maschinendatenbl\u00e4tter, technische Parameter, Pflichtenhefte).<br \/>Die B\u00e4umer GmbH beh\u00e4lt sich vor, Zwischenabnahmen durch den Kunden vornehmen zu lassen. Dazu werden dem Kunden ausreichende M\u00f6glichkeiten zur Pr\u00fcfung und Genehmigung des Arbeitsstandes zur Verf\u00fcgung gestellt.<br \/>Werden nach Auftragserteilung durch den Besteller \u00c4nderungen der technischen Unterlagen vorgenommen, die Einfluss auf die Auftragsbearbeitung durch die B\u00e4umer GmbH haben, so sind der B\u00e4umer GmbH die ge\u00e4nderten Unterlagen unverz\u00fcglich zu \u00fcbergeben und die \u00c4nderungen schriftlich im Detail zu beschreiben.<\/p><p><strong>3.2. Prototypenbau<\/strong><br \/>Von der B\u00e4umer GmbH zum Zwecke der Modellherstellung erstellte oder korrigierte CAD-Datenfiles bleiben im Eigentum und Besitz der B\u00e4umer GmbH.<br \/>Der Inhalt der technischen Zeichnungen gilt nicht als allgemeine Qualit\u00e4tsforderung.<br \/>Qualit\u00e4tskriterien, insbesondere Ma\u00dfgenauigkeiten und betreffende Messpunkte sind durch den Besteller eindeutig vorzugeben. Werden durch den Kunden keine Vorgaben gemacht, gilt als allgemeine Toleranz die DIN ISO 2768-1: mittel.<br \/>Der Umfang des Modellfinish beschr\u00e4nkt sich auf einfaches Finish mittels Sandpapier ohne vollst\u00e4ndige Beseitigung der Schichtstruktur. Abweichungen davon sind im Vertrag zu vereinbaren.<\/p><p><strong>3.3. Werkzeugbau<\/strong><br \/>Die Bemusterung des Werkzeugs ist im Vertrag zu regeln. Sofern die Bemusterung durch die B\u00e4umer GmbH erfolgt, hat der Kunde rechtzeitig die Fertigungsparameter mitzuteilen. \u00dcbernimmt der Kunde die Bemusterung, so ist der Lieferant sp\u00e4testens 4 Wochen nach Lieferung des Werkzeugs \u00fcber das Ergebnis zu informieren.<\/p><p><strong>4. Preise und Zahlungsbedingungen<\/strong><br \/>Der vereinbarte Preis gilt ab Werk zuz\u00fcglich Verpackung und Versand sowie der jeweils g\u00fcltigen gesetzlichen Mehrwertsteuer.<br \/>Zahlungsbedingungen werden mit der Angebotsabgabe mitgeteilt.<br \/>\u00c4nderungen der Zahlungsbedingungen sind nur g\u00fcltig, sofern sie durch die B\u00e4umer GmbH auf Firmenpapier mitgeteilt werden.<br \/>Bei \u00dcberschreitung des vereinbarten Zahlungstermins werden Zinsen gem\u00e4\u00df \u00a7 288 BGB (in H\u00f6he von z. Zeit 9% \u00fcber dem jeweiligen Basiszinssatz) berechnet, sofern die B\u00e4umer GmbH keine h\u00f6heren Sollzinsen nachweist. Es bleibt dem Kunden vorbehalten, einen geringeren Verzugsschaden nachzuweisen. Au\u00dferdem beh\u00e4lt sich die B\u00e4umer GmbH im Falle von Zahlungsverzug vor, alle Arbeiten an laufenden Auftr\u00e4gen des Auftraggebers auszusetzen oder einzustellen.<\/p><p>Der Zahlungsverzug beginnt mit dem auf den letzten Tag der Zahlungsfrist folgenden Kalendertag.<\/p><p><strong>5. Lieferzeiten und Gefahren\u00fcbergang<\/strong><br \/>Die Lieferfrist beginnt mit der Absendung der Auftragsbest\u00e4tigung, jedoch nicht vor Eingang aller f\u00fcr die Ausf\u00fchrung des Auftrages erforderlichen Unterlagen und der vereinbarten Anzahlung.<br \/>Liefertermine gelten als eingehalten, wenn die Lieferung innerhalb der vereinbarten Zeit zum Versand bereit gemacht oder abgeholt worden ist.<br \/>Bei nicht terminvisierten Auftr\u00e4gen kann eine Einordnung entsprechend der aktuellen Auftragslage erfolgen. Kann die B\u00e4umer GmbH die vereinbarte Lieferfrist voraussichtlich nicht einhalten, so hat er den Kunden unverz\u00fcglich mit Angabe der Gr\u00fcnde dar\u00fcber zu informieren.<br \/>H\u00f6here Gewalt, Arbeitsk\u00e4mpfe, Unruhen, beh\u00f6rdliche Ma\u00dfnahmen und sonstige unvorhersehbare, unabwendbare und schwerwiegende Ereignisse befreien die Vertragspartner f\u00fcr die Dauer der St\u00f6rung und im Umfange ihrer Wirkung von den Leistungspflichten. Dies gilt auch f\u00fcr den Zeitpunkt, in dem sich der betroffenen Vertragspartner in Verzug befindet.<br \/>Die B\u00e4umer GmbH beh\u00e4lt sich die Wahl des Versandweges und der Versandart vor.<br \/>Die Gefahr geht mit der Absendung oder mit der Abholung der Ware durch den Kunden auf diesen \u00fcber. Das gilt auch bei frachtfreier Lieferung.<\/p><p><strong>6. Eigentumsvorbehalt<\/strong><br \/>Die gelieferte Ware bleibt Eigentum der B\u00e4umer GmbH bis zur Erf\u00fcllung s\u00e4mtlicher ihm gegen den Kunden aus der Gesch\u00e4ftsverbindung zustehenden Anspr\u00fcche. Vorher ist Verpf\u00e4ndung oder Sicherungs\u00fcbereignung untersagt. Weiterver\u00e4u\u00dferung ist nur Wiederverk\u00e4ufern im gew\u00f6hnlichen Gesch\u00e4ftsgang unter der Bedingung gestattet, dass der Wiederverk\u00e4ufer von seinen Kunden Bezahlung erh\u00e4lt und dass die Kaufpreisforderung aus dem Weiterverkauf in H\u00f6he des Wertes der Vorbehaltsware auf B\u00e4umer GmbH \u00fcbergeht.<\/p><p><strong>7. Gew\u00e4hrleistung<\/strong><br \/>Die B\u00e4umer GmbH \u00fcbernimmt keine Gew\u00e4hr auf Funktion der von ihr hergestellten Modelle und Prototypen. Die von der B\u00e4umer GmbH hergestellten Modelle und Prototypen dienen nur zur Bemusterung oder zur Dekoration.<\/p><p><strong>8. \u00c4nderungen, Beanstandungen<\/strong><br \/>Konstruktions\u00e4nderungen bed\u00fcrfen der neuen Vereinbarung von Preis und Lieferzeit. Bis dahin angefallene Kosten sind sofort f\u00e4llig und an die B\u00e4umer GmbH zu erstatten.<br \/>Beanstandungen, die die B\u00e4umer GmbH zu verantworten hat, sind unverz\u00fcglich schriftlich mit genauer Spezifikation geltend zu machen. Andererseits gilt die Ware als genehmigt. Grundlage f\u00fcr Beanstandungen muss eine ordnungsgem\u00e4\u00dfe Untersuchung der Ware sein. Bei begr\u00fcndeten Beanstandungen ist die B\u00e4umer GmbH innerhalb einer angemessenen Frist nach seiner Wahl zu Ersatz, Nachlieferung, Nachbesserung, Wandlung oder Minderung verpflichtet. Schadensersatzanspr\u00fcche aufgrund von M\u00e4ngeln, Fehlmengen oder der Verletzung von Nebenpflichten sind der H\u00f6he nach auf den Wert der gelieferten Ware beschr\u00e4nkt. Eine Haftung f\u00fcr M\u00e4ngelfolgesch\u00e4den ist ausgeschlossen.<\/p><p><strong>8. Kostenerstattung bei Auftragsstornierung<\/strong><br \/>In allen F\u00e4llen, in denen es ohne Verschulden von der B\u00e4umer GmbH nicht zur Lieferung der Ware kommt, sind der B\u00e4umer GmbH die aufgewandten Kosten zu erstatten. Der Kunde ist berechtigt, die Herausgabe der unfertigen Ware incl. Nebenleistungen zu verlangen, es sei denn, dass er die Nichtlieferung zu vertreten hat.<\/p><p><strong>9. Anwendungstechnische Beratung<\/strong><br \/>Anwendungstechnische Beratung erteilt die B\u00e4umer GmbH nach bestem Wissen und aufgrund seiner Erkenntnisse und Erfahrungen. Mit Ausnahme von schriftlich zugesicherten Eigenschaften sind alle Angaben und Ausk\u00fcnfte jedoch unverbindlich und befreien den Kunden nicht von eigenen Pr\u00fcfungen und Versuchen auf Eignung der Ware f\u00fcr die beabsichtigten Verfahren und Zwecke.<\/p><p><strong>10. Erf\u00fcllungsort Gerichtsstand, Teilnichtigkeit<\/strong><br \/>Erf\u00fcllungsort f\u00fcr die Lieferung ist die Versandstelle von der B\u00e4umer GmbH, f\u00fcr die Zahlung der Sitz von der B\u00e4umer GmbH. Gerichtsstand ist Velbert. Sollten einzelne Klauseln dieser AGB ganz oder teilweise nichtig sein, so gelten diese als durch solche ersetzt, die dem wirtschaftlichen Zweck der Klausel am n\u00e4chsten kommen und wirksam sind.<\/p><p>Stand: 01\/2015<\/p>\t\t\t\t\t\t<\/div>\n\t\t\t\t<\/div>\n\t\t\t\t\t<\/div>\n\t\t<\/div>\n\t\t\t\t\t\t\t<\/div>\n\t\t<\/section>\n\t\t\t\t\t\t\t<\/div>\n\t\t","protected":false},"excerpt":{"rendered":"<p>1.GeltungsbereichDie Angebote, Leistungen und Lieferungen der B\u00e4umer Modellplatten GmbH (im folgenden kurz: B\u00e4umer GmbH) erfolgen ausschlie\u00dflich aufgrund dieser Gesch\u00e4ftsbedingungen. Gegenbest\u00e4tigungen des Kunden unter Hinweis auf seine eigenen Gesch\u00e4ftsbedingungen wird hiermit widersprochen. Abweichungen von diesen Gesch\u00e4ftsbedingungen sind nur nach schriftlicher Best\u00e4tigung durch die B\u00e4umer GmbH wirksam. 2. VertragsabschlussAngebote der B\u00e4umer GmbH sind frei bleibend und unverbindlich. [&hellip;]<\/p>\n","protected":false},"author":1,"featured_media":298,"parent":0,"menu_order":0,"comment_status":"closed","ping_status":"closed","template":"","meta":{"footnotes":""},"class_list":["post-48","page","type-page","status-publish","has-post-thumbnail","hentry"],"_links":{"self":[{"href":"https:\/\/baeumer-modellplatten.de\/website\/wp-json\/wp\/v2\/pages\/48","targetHints":{"allow":["GET"]}}],"collection":[{"href":"https:\/\/baeumer-modellplatten.de\/website\/wp-json\/wp\/v2\/pages"}],"about":[{"href":"https:\/\/baeumer-modellplatten.de\/website\/wp-json\/wp\/v2\/types\/page"}],"author":[{"embeddable":true,"href":"https:\/\/baeumer-modellplatten.de\/website\/wp-json\/wp\/v2\/users\/1"}],"replies":[{"embeddable":true,"href":"https:\/\/baeumer-modellplatten.de\/website\/wp-json\/wp\/v2\/comments?post=48"}],"version-history":[{"count":6,"href":"https:\/\/baeumer-modellplatten.de\/website\/wp-json\/wp\/v2\/pages\/48\/revisions"}],"predecessor-version":[{"id":338,"href":"https:\/\/baeumer-modellplatten.de\/website\/wp-json\/wp\/v2\/pages\/48\/revisions\/338"}],"wp:featuredmedia":[{"embeddable":true,"href":"https:\/\/baeumer-modellplatten.de\/website\/wp-json\/wp\/v2\/media\/298"}],"wp:attachment":[{"href":"https:\/\/baeumer-modellplatten.de\/website\/wp-json\/wp\/v2\/media?parent=48"}],"curies":[{"name":"wp","href":"https:\/\/api.w.org\/{rel}","templated":true}]}}