{"id":42,"date":"2022-11-04T17:50:41","date_gmt":"2022-11-04T16:50:41","guid":{"rendered":"https:\/\/baeumer-modellplatten.de\/website\/?page_id=42"},"modified":"2022-11-04T21:41:37","modified_gmt":"2022-11-04T20:41:37","slug":"ueber-uns","status":"publish","type":"page","link":"https:\/\/baeumer-modellplatten.de\/website\/ueber-uns\/","title":{"rendered":"\u00dcber uns"},"content":{"rendered":"\t\t<div data-elementor-type=\"wp-page\" data-elementor-id=\"42\" class=\"elementor elementor-42\">\n\t\t\t\t\t\t\t\t\t<section class=\"elementor-section elementor-top-section elementor-element elementor-element-2559746 elementor-section-full_width elementor-section-stretched elementor-section-height-default elementor-section-height-default\" data-id=\"2559746\" data-element_type=\"section\" data-settings=\"{&quot;stretch_section&quot;:&quot;section-stretched&quot;,&quot;background_background&quot;:&quot;classic&quot;,&quot;shape_divider_bottom&quot;:&quot;tilt&quot;}\">\n\t\t\t\t\t<div class=\"elementor-shape elementor-shape-bottom\" data-negative=\"false\">\n\t\t\t<svg xmlns=\"http:\/\/www.w3.org\/2000\/svg\" viewBox=\"0 0 1000 100\" preserveAspectRatio=\"none\">\n\t<path class=\"elementor-shape-fill\" d=\"M0,6V0h1000v100L0,6z\"\/>\n<\/svg>\t\t<\/div>\n\t\t\t\t\t<div class=\"elementor-container elementor-column-gap-default\">\n\t\t\t\t\t<div class=\"elementor-column elementor-col-100 elementor-top-column elementor-element elementor-element-f9f7043\" data-id=\"f9f7043\" data-element_type=\"column\">\n\t\t\t<div class=\"elementor-widget-wrap elementor-element-populated\">\n\t\t\t\t\t\t\t\t<div class=\"elementor-element elementor-element-72bd1c1 elementor-widget elementor-widget-htmega-verticletimeline-addons\" data-id=\"72bd1c1\" data-element_type=\"widget\" data-widget_type=\"htmega-verticletimeline-addons.default\">\n\t\t\t\t<div class=\"elementor-widget-container\">\n\t\t\t        <div class=\"htc-verctimeline-wrapper htmega-verticletimeline-style-2\">\n\n                           \n                                    <div class=\"ht-ver-timeline--2\">\n                                                    <div class=\"vertical-time\">\n                                <div class=\"vertical-date\">\n                                    <span class=\"month\">1965<\/span>\n                                <\/div>\n                            <\/div>\n                                                    <div class=\"timeline-content\">\n                                <p class=\"title\"><strong>Gr\u00fcndung<\/strong><\/p><div class=\"details\"><p>Gr\u00fcndung des Unternehmens als Einzelfirma durch Hans\u00a0Joachim B\u00e4umer<\/p><\/div>                            <\/div>\n                                            <\/div>\n                \n                           \n                                    <div class=\"ht-ver-timeline--2 vertical-reverse\">\n                                                    <div class=\"vertical-time\">\n                                <div class=\"vertical-date\">\n                                    <span class=\"month\">1979<\/span>\n                                <\/div>\n                            <\/div>\n                                                    <div class=\"timeline-content\">\n                                <p class=\"title\"><strong>Umzug<\/strong><\/p><div class=\"details\"><p>Umzug in die eigenen Hallen in Velbert \/ Schulstra\u00dfe<\/p><\/div>                            <\/div>\n                                            <\/div>\n\n                \n                           \n                                    <div class=\"ht-ver-timeline--2\">\n                                                    <div class=\"vertical-time\">\n                                <div class=\"vertical-date\">\n                                    <span class=\"month\">1984<\/span>\n                                <\/div>\n                            <\/div>\n                                                    <div class=\"timeline-content\">\n                                <p class=\"title\"><strong>Ausbildungsbetrieb<\/strong><\/p><div class=\"details\"><p>erstmalig Ausbildungsbetrieb<\/p><\/div>                            <\/div>\n                                            <\/div>\n                \n                           \n                                    <div class=\"ht-ver-timeline--2 vertical-reverse\">\n                                                    <div class=\"vertical-time\">\n                                <div class=\"vertical-date\">\n                                    <span class=\"month\">1990<\/span>\n                                <\/div>\n                            <\/div>\n                                                    <div class=\"timeline-content\">\n                                <p class=\"title\"><strong>Meisterbetrieb<\/strong><\/p><div class=\"details\"><p>Meisterbetrieb<\/p><\/div>                            <\/div>\n                                            <\/div>\n\n                \n                           \n                                    <div class=\"ht-ver-timeline--2\">\n                                                    <div class=\"vertical-time\">\n                                <div class=\"vertical-date\">\n                                    <span class=\"month\">1991<\/span>\n                                <\/div>\n                            <\/div>\n                                                    <div class=\"timeline-content\">\n                                <p class=\"title\"><strong>Umfirmierung<\/strong><\/p><div class=\"details\"><p>Umfirmierung der Einzelfirma in die heutige B\u00e4umer\u00a0Modellplatten\u00a0GmbH<\/p><\/div>                            <\/div>\n                                            <\/div>\n                \n            \n        <\/div>\n\n        \t\t<\/div>\n\t\t\t\t<\/div>\n\t\t\t\t\t<\/div>\n\t\t<\/div>\n\t\t\t\t\t\t\t<\/div>\n\t\t<\/section>\n\t\t\t\t<section class=\"elementor-section elementor-top-section elementor-element elementor-element-53559d54 elementor-section-boxed elementor-section-height-default elementor-section-height-default\" data-id=\"53559d54\" data-element_type=\"section\">\n\t\t\t\t\t\t<div class=\"elementor-container elementor-column-gap-default\">\n\t\t\t\t\t<div class=\"elementor-column elementor-col-100 elementor-top-column elementor-element elementor-element-4d74f29a\" data-id=\"4d74f29a\" data-element_type=\"column\">\n\t\t\t<div class=\"elementor-widget-wrap elementor-element-populated\">\n\t\t\t\t\t\t\t\t<div class=\"elementor-element elementor-element-478593f elementor-widget elementor-widget-text-editor\" data-id=\"478593f\" data-element_type=\"widget\" data-widget_type=\"text-editor.default\">\n\t\t\t\t<div class=\"elementor-widget-container\">\n\t\t\t<style>\/*! elementor - v3.8.1 - 13-11-2022 *\/\n.elementor-widget-text-editor.elementor-drop-cap-view-stacked .elementor-drop-cap{background-color:#818a91;color:#fff}.elementor-widget-text-editor.elementor-drop-cap-view-framed .elementor-drop-cap{color:#818a91;border:3px solid;background-color:transparent}.elementor-widget-text-editor:not(.elementor-drop-cap-view-default) .elementor-drop-cap{margin-top:8px}.elementor-widget-text-editor:not(.elementor-drop-cap-view-default) .elementor-drop-cap-letter{width:1em;height:1em}.elementor-widget-text-editor .elementor-drop-cap{float:left;text-align:center;line-height:1;font-size:50px}.elementor-widget-text-editor .elementor-drop-cap-letter{display:inline-block}<\/style>\t\t\t\t<h2>Qualit\u00e4t, die sich rechnet<\/h2>\r\nIn hart umk\u00e4mpften und zunehmend globalisierten M\u00e4rkten fallen unsere breit gef\u00e4cherten F\u00e4higkeiten zunehmend positiv ins Gewicht. Flexibilit\u00e4t, termintreue und Einsatzbereitschaft, insbesondere auch bei der L\u00f6sung terminlich kritischer Aufgaben, zahlen sich f\u00fcr Sie in h\u00f6chster Qualit\u00e4t und gr\u00f6\u00dftm\u00f6glicher Produktionssicherheit aus. \u00dcber 50 Jahre Erfahrung, unser internes Engagement unserer Mitarbeiter werden so zu Ihrem geldwerten Vorteil.\r\n<h2>Service, der Sie entlastet<\/h2>\r\nMachen Sie sich unseren Rundum-Service und unsere Erfahrung zu Nutze. Unverbindlich beraten wir Sie schon im Projektstadium und selbstverst\u00e4ndlich sind wir mit unserem Know-How zur Stelle, wenn es einmal in der Produktion hakt. Da verwundert es nicht, dass Sie sich \u00fcber die Logistik ebenfalls nicht den Kopf zerbrechen m\u00fcssen: Unser Lieferservice mit eigenen Fahrzeugen steht f\u00fcr Sie bereit.\t\t\t\t\t\t<\/div>\n\t\t\t\t<\/div>\n\t\t\t\t\t<\/div>\n\t\t<\/div>\n\t\t\t\t\t\t\t<\/div>\n\t\t<\/section>\n\t\t\t\t\t\t\t<\/div>\n\t\t","protected":false},"excerpt":{"rendered":"<p>1965 Gr\u00fcndung Gr\u00fcndung des Unternehmens als Einzelfirma durch Hans\u00a0Joachim B\u00e4umer 1979 Umzug Umzug in die eigenen Hallen in Velbert \/ Schulstra\u00dfe 1984 Ausbildungsbetrieb erstmalig Ausbildungsbetrieb 1990 Meisterbetrieb Meisterbetrieb 1991 Umfirmierung Umfirmierung der Einzelfirma in die heutige B\u00e4umer\u00a0Modellplatten\u00a0GmbH Qualit\u00e4t, die sich rechnet In hart umk\u00e4mpften und zunehmend globalisierten M\u00e4rkten fallen unsere breit gef\u00e4cherten F\u00e4higkeiten zunehmend positiv [&hellip;]<\/p>\n","protected":false},"author":1,"featured_media":298,"parent":0,"menu_order":0,"comment_status":"closed","ping_status":"closed","template":"","meta":{"footnotes":""},"class_list":["post-42","page","type-page","status-publish","has-post-thumbnail","hentry"],"_links":{"self":[{"href":"https:\/\/baeumer-modellplatten.de\/website\/wp-json\/wp\/v2\/pages\/42","targetHints":{"allow":["GET"]}}],"collection":[{"href":"https:\/\/baeumer-modellplatten.de\/website\/wp-json\/wp\/v2\/pages"}],"about":[{"href":"https:\/\/baeumer-modellplatten.de\/website\/wp-json\/wp\/v2\/types\/page"}],"author":[{"embeddable":true,"href":"https:\/\/baeumer-modellplatten.de\/website\/wp-json\/wp\/v2\/users\/1"}],"replies":[{"embeddable":true,"href":"https:\/\/baeumer-modellplatten.de\/website\/wp-json\/wp\/v2\/comments?post=42"}],"version-history":[{"count":8,"href":"https:\/\/baeumer-modellplatten.de\/website\/wp-json\/wp\/v2\/pages\/42\/revisions"}],"predecessor-version":[{"id":305,"href":"https:\/\/baeumer-modellplatten.de\/website\/wp-json\/wp\/v2\/pages\/42\/revisions\/305"}],"wp:featuredmedia":[{"embeddable":true,"href":"https:\/\/baeumer-modellplatten.de\/website\/wp-json\/wp\/v2\/media\/298"}],"wp:attachment":[{"href":"https:\/\/baeumer-modellplatten.de\/website\/wp-json\/wp\/v2\/media?parent=42"}],"curies":[{"name":"wp","href":"https:\/\/api.w.org\/{rel}","templated":true}]}}