{"id":40,"date":"2022-11-04T17:50:24","date_gmt":"2022-11-04T16:50:24","guid":{"rendered":"https:\/\/baeumer-modellplatten.de\/website\/?page_id=40"},"modified":"2022-11-05T10:32:21","modified_gmt":"2022-11-05T09:32:21","slug":"leistungen","status":"publish","type":"page","link":"https:\/\/baeumer-modellplatten.de\/website\/leistungen\/","title":{"rendered":"Leistungen"},"content":{"rendered":"\t\t<div data-elementor-type=\"wp-page\" data-elementor-id=\"40\" class=\"elementor elementor-40\">\n\t\t\t\t\t\t\t\t\t<section class=\"elementor-section elementor-top-section elementor-element elementor-element-fc982c0 elementor-section-boxed elementor-section-height-default elementor-section-height-default\" data-id=\"fc982c0\" data-element_type=\"section\">\n\t\t\t\t\t\t<div class=\"elementor-container elementor-column-gap-default\">\n\t\t\t\t\t<div class=\"elementor-column elementor-col-100 elementor-top-column elementor-element elementor-element-6aaa4b9f\" data-id=\"6aaa4b9f\" data-element_type=\"column\">\n\t\t\t<div class=\"elementor-widget-wrap elementor-element-populated\">\n\t\t\t\t\t\t\t\t<div class=\"elementor-element elementor-element-22a2fcf1 elementor-widget elementor-widget-text-editor\" data-id=\"22a2fcf1\" data-element_type=\"widget\" data-widget_type=\"text-editor.default\">\n\t\t\t\t<div class=\"elementor-widget-container\">\n\t\t\t<style>\/*! elementor - v3.8.1 - 13-11-2022 *\/\n.elementor-widget-text-editor.elementor-drop-cap-view-stacked .elementor-drop-cap{background-color:#818a91;color:#fff}.elementor-widget-text-editor.elementor-drop-cap-view-framed .elementor-drop-cap{color:#818a91;border:3px solid;background-color:transparent}.elementor-widget-text-editor:not(.elementor-drop-cap-view-default) .elementor-drop-cap{margin-top:8px}.elementor-widget-text-editor:not(.elementor-drop-cap-view-default) .elementor-drop-cap-letter{width:1em;height:1em}.elementor-widget-text-editor .elementor-drop-cap{float:left;text-align:center;line-height:1;font-size:50px}.elementor-widget-text-editor .elementor-drop-cap-letter{display:inline-block}<\/style>\t\t\t\t<b>Unsere St\u00e4rken sind ihre Vorteile<\/b>\r\n<ul>\r\n \t<li>Flexibilit\u00e4t in diversen Herstellungsverfahren<\/li>\r\n \t<li>Ideenreichtum und Bereitschaft, neue und ungew\u00f6hnliche Wege zu beschreiten<\/li>\r\n \t<li>kosteng\u00fcnstige Fertigung von Teilen auch in geringerer St\u00fcckzahl als allgemein \u00fcblich<\/li>\r\n \t<li>Materialvielfalt wie z.B. Kunststoff-, Aluminium-, Messing- und Eisengusswerkstoffe<\/li>\r\n \t<li>Termintreue<\/li>\r\n \t<li>hoher Qualit\u00e4tsstandard, den wir selbst regelm\u00e4\u00dfig \u00fcberpr\u00fcfen<\/li>\r\n \t<li>Lieferm\u00f6glichkeit durch hauseigene Fahrzeuge<\/li>\r\n \t<li>diverse Oberfl\u00e4chenveredelungen wie z.B. verschiedene Lackierungen, Verchromung, etc.<\/li>\r\n \t<li>Fr\u00e4sen und Gie\u00dfen von Einzelteilen<\/li>\r\n \t<li>Produktspezifische Beratung zum optimalen Herstellungsverfahren Ihre Produktes<\/li>\r\n \t<li>Einzelteil- und Kleinserienfertigung aus verschiedenen Werkstoffen (z.B. Kunststoffe, Aluminium, Eisenguss, Messing, Bronze, Rotguss)<\/li>\r\n<\/ul>\t\t\t\t\t\t<\/div>\n\t\t\t\t<\/div>\n\t\t\t\t\t<\/div>\n\t\t<\/div>\n\t\t\t\t\t\t\t<\/div>\n\t\t<\/section>\n\t\t\t\t\t\t\t<\/div>\n\t\t","protected":false},"excerpt":{"rendered":"<p>Unsere St\u00e4rken sind ihre Vorteile Flexibilit\u00e4t in diversen Herstellungsverfahren Ideenreichtum und Bereitschaft, neue und ungew\u00f6hnliche Wege zu beschreiten kosteng\u00fcnstige Fertigung von Teilen auch in geringerer St\u00fcckzahl als allgemein \u00fcblich Materialvielfalt wie z.B. Kunststoff-, Aluminium-, Messing- und Eisengusswerkstoffe Termintreue hoher Qualit\u00e4tsstandard, den wir selbst regelm\u00e4\u00dfig \u00fcberpr\u00fcfen Lieferm\u00f6glichkeit durch hauseigene Fahrzeuge diverse Oberfl\u00e4chenveredelungen wie z.B. verschiedene Lackierungen, [&hellip;]<\/p>\n","protected":false},"author":1,"featured_media":296,"parent":0,"menu_order":0,"comment_status":"closed","ping_status":"closed","template":"","meta":{"footnotes":""},"class_list":["post-40","page","type-page","status-publish","has-post-thumbnail","hentry"],"_links":{"self":[{"href":"https:\/\/baeumer-modellplatten.de\/website\/wp-json\/wp\/v2\/pages\/40","targetHints":{"allow":["GET"]}}],"collection":[{"href":"https:\/\/baeumer-modellplatten.de\/website\/wp-json\/wp\/v2\/pages"}],"about":[{"href":"https:\/\/baeumer-modellplatten.de\/website\/wp-json\/wp\/v2\/types\/page"}],"author":[{"embeddable":true,"href":"https:\/\/baeumer-modellplatten.de\/website\/wp-json\/wp\/v2\/users\/1"}],"replies":[{"embeddable":true,"href":"https:\/\/baeumer-modellplatten.de\/website\/wp-json\/wp\/v2\/comments?post=40"}],"version-history":[{"count":5,"href":"https:\/\/baeumer-modellplatten.de\/website\/wp-json\/wp\/v2\/pages\/40\/revisions"}],"predecessor-version":[{"id":332,"href":"https:\/\/baeumer-modellplatten.de\/website\/wp-json\/wp\/v2\/pages\/40\/revisions\/332"}],"wp:featuredmedia":[{"embeddable":true,"href":"https:\/\/baeumer-modellplatten.de\/website\/wp-json\/wp\/v2\/media\/296"}],"wp:attachment":[{"href":"https:\/\/baeumer-modellplatten.de\/website\/wp-json\/wp\/v2\/media?parent=40"}],"curies":[{"name":"wp","href":"https:\/\/api.w.org\/{rel}","templated":true}]}}