{"id":38,"date":"2022-11-04T17:50:00","date_gmt":"2022-11-04T16:50:00","guid":{"rendered":"https:\/\/baeumer-modellplatten.de\/website\/?page_id=38"},"modified":"2022-11-04T21:31:54","modified_gmt":"2022-11-04T20:31:54","slug":"oldtimer-teilenachfertigung","status":"publish","type":"page","link":"https:\/\/baeumer-modellplatten.de\/website\/oldtimer-teilenachfertigung\/","title":{"rendered":"Oldtimer-Teilenachfertigung"},"content":{"rendered":"\t\t<div data-elementor-type=\"wp-page\" data-elementor-id=\"38\" class=\"elementor elementor-38\">\n\t\t\t\t\t\t\t\t\t<section class=\"elementor-section elementor-top-section elementor-element elementor-element-1466608d elementor-section-boxed elementor-section-height-default elementor-section-height-default\" data-id=\"1466608d\" data-element_type=\"section\">\n\t\t\t\t\t\t<div class=\"elementor-container elementor-column-gap-default\">\n\t\t\t\t\t<div class=\"elementor-column elementor-col-100 elementor-top-column elementor-element elementor-element-140a0ef6\" data-id=\"140a0ef6\" data-element_type=\"column\">\n\t\t\t<div class=\"elementor-widget-wrap elementor-element-populated\">\n\t\t\t\t\t\t\t\t<div class=\"elementor-element elementor-element-1f1fee13 elementor-widget elementor-widget-text-editor\" data-id=\"1f1fee13\" data-element_type=\"widget\" data-widget_type=\"text-editor.default\">\n\t\t\t\t<div class=\"elementor-widget-container\">\n\t\t\t<style>\/*! elementor - v3.8.1 - 13-11-2022 *\/\n.elementor-widget-text-editor.elementor-drop-cap-view-stacked .elementor-drop-cap{background-color:#818a91;color:#fff}.elementor-widget-text-editor.elementor-drop-cap-view-framed .elementor-drop-cap{color:#818a91;border:3px solid;background-color:transparent}.elementor-widget-text-editor:not(.elementor-drop-cap-view-default) .elementor-drop-cap{margin-top:8px}.elementor-widget-text-editor:not(.elementor-drop-cap-view-default) .elementor-drop-cap-letter{width:1em;height:1em}.elementor-widget-text-editor .elementor-drop-cap{float:left;text-align:center;line-height:1;font-size:50px}.elementor-widget-text-editor .elementor-drop-cap-letter{display:inline-block}<\/style>\t\t\t\t<b>Oldtimer- und Youngtimer-Ersatzteile<\/b>\r\n\r\n\r\nDie Fertigung von Funktions-Ersatzteilen f\u00fcr Old- und Youngtimer aus Metall und Kunststoff k\u00f6nnen sich sowohl auf die Bereiche der vier- als auch zweir\u00e4derigen Fahrzeuge beziehen. Die Fertigungsm\u00f6glichkeiten sind sehr vielf\u00e4ltig, wie bereits bei Prototypen und Modellen beschrieben.\r\nIn Frage kommen u.a.\r\n<ul>\r\n \t<li>Zierleistenklammern,<\/li>\r\n \t<li>Griff- und Spiegelunterlagen,<\/li>\r\n \t<li>Scheinwerfermasken f\u00fcr Motorr\u00e4der,<\/li>\r\n \t<li>Gummistopfen,<\/li>\r\n \t<li>Blinkleuchten,<\/li>\r\n \t<li>Kabelhalter und -abdichtungen,<\/li>\r\n \t<li>Motorhaubenauflagenpuffer<\/li>\r\n<\/ul>\r\nund vieles mehr.\r\n\r\nWenn Sie Fragen haben, sprechen Sie uns an. Wir werden f\u00fcr Ihre Aufgabenstellung eine m\u00f6glichst kosteng\u00fcnstige L\u00f6sung finden.\t\t\t\t\t\t<\/div>\n\t\t\t\t<\/div>\n\t\t\t\t\t<\/div>\n\t\t<\/div>\n\t\t\t\t\t\t\t<\/div>\n\t\t<\/section>\n\t\t\t\t<section class=\"elementor-section elementor-top-section elementor-element elementor-element-ffd97de elementor-section-boxed elementor-section-height-default elementor-section-height-default\" data-id=\"ffd97de\" data-element_type=\"section\">\n\t\t\t\t\t\t<div class=\"elementor-container elementor-column-gap-default\">\n\t\t\t\t\t<div class=\"elementor-column elementor-col-100 elementor-top-column elementor-element elementor-element-8f09a49\" data-id=\"8f09a49\" data-element_type=\"column\">\n\t\t\t<div class=\"elementor-widget-wrap elementor-element-populated\">\n\t\t\t\t\t\t\t\t<div class=\"elementor-element elementor-element-cf7cc37 elementor-skin-carousel elementor-arrows-yes elementor-pagination-type-bullets elementor-pagination-position-outside elementor-widget elementor-widget-media-carousel\" data-id=\"cf7cc37\" data-element_type=\"widget\" data-settings=\"{&quot;slides_per_view&quot;:&quot;1&quot;,&quot;skin&quot;:&quot;carousel&quot;,&quot;effect&quot;:&quot;slide&quot;,&quot;show_arrows&quot;:&quot;yes&quot;,&quot;pagination&quot;:&quot;bullets&quot;,&quot;speed&quot;:500,&quot;autoplay&quot;:&quot;yes&quot;,&quot;autoplay_speed&quot;:5000,&quot;loop&quot;:&quot;yes&quot;,&quot;pause_on_hover&quot;:&quot;yes&quot;,&quot;pause_on_interaction&quot;:&quot;yes&quot;,&quot;space_between&quot;:{&quot;unit&quot;:&quot;px&quot;,&quot;size&quot;:10,&quot;sizes&quot;:[]},&quot;space_between_tablet&quot;:{&quot;unit&quot;:&quot;px&quot;,&quot;size&quot;:10,&quot;sizes&quot;:[]},&quot;space_between_mobile&quot;:{&quot;unit&quot;:&quot;px&quot;,&quot;size&quot;:10,&quot;sizes&quot;:[]}}\" data-widget_type=\"media-carousel.default\">\n\t\t\t\t<div class=\"elementor-widget-container\">\n\t\t\t<link rel=\"stylesheet\" href=\"https:\/\/baeumer-modellplatten.de\/website\/wp-content\/plugins\/elementor-pro\/assets\/css\/widget-carousel.min.css\">\t\t<div class=\"elementor-swiper\">\n\t\t\t<div class=\"elementor-main-swiper swiper-container\">\n\t\t\t\t<div class=\"swiper-wrapper\">\n\t\t\t\t\t\t\t\t\t\t\t<div class=\"swiper-slide\">\n\t\t\t\t\t\t\t<a href=\"https:\/\/baeumer-modellplatten.de\/website\/wp-content\/uploads\/2022\/11\/bildgalerie-oldtimer01.jpg\" data-elementor-open-lightbox=\"yes\" data-elementor-lightbox-slideshow=\"cf7cc37\" data-elementor-lightbox-title=\"bildgalerie-oldtimer01\" e-action-hash=\"#elementor-action%3Aaction%3Dlightbox%26settings%3DeyJpZCI6Mjc2LCJ1cmwiOiJodHRwczpcL1wvYmFldW1lci1tb2RlbGxwbGF0dGVuLmRlXC93ZWJzaXRlXC93cC1jb250ZW50XC91cGxvYWRzXC8yMDIyXC8xMVwvYmlsZGdhbGVyaWUtb2xkdGltZXIwMS5qcGciLCJzbGlkZXNob3ciOiJjZjdjYzM3In0%3D\">\t\t<div class=\"elementor-carousel-image\" style=\"background-image: url(https:\/\/baeumer-modellplatten.de\/website\/wp-content\/uploads\/2022\/11\/bildgalerie-oldtimer01.jpg)\">\n\n\t\t\t\n\t\t\t\t\t<\/div>\n\t\t<\/a>\t\t\t\t\t\t<\/div>\n\t\t\t\t\t\t\t\t\t\t\t<div class=\"swiper-slide\">\n\t\t\t\t\t\t\t<a href=\"https:\/\/baeumer-modellplatten.de\/website\/wp-content\/uploads\/2022\/11\/bildgalerie-oldtimer02.jpg\" data-elementor-open-lightbox=\"yes\" data-elementor-lightbox-slideshow=\"cf7cc37\" data-elementor-lightbox-title=\"bildgalerie-oldtimer02\" e-action-hash=\"#elementor-action%3Aaction%3Dlightbox%26settings%3DeyJpZCI6Mjc3LCJ1cmwiOiJodHRwczpcL1wvYmFldW1lci1tb2RlbGxwbGF0dGVuLmRlXC93ZWJzaXRlXC93cC1jb250ZW50XC91cGxvYWRzXC8yMDIyXC8xMVwvYmlsZGdhbGVyaWUtb2xkdGltZXIwMi5qcGciLCJzbGlkZXNob3ciOiJjZjdjYzM3In0%3D\">\t\t<div class=\"elementor-carousel-image\" style=\"background-image: url(https:\/\/baeumer-modellplatten.de\/website\/wp-content\/uploads\/2022\/11\/bildgalerie-oldtimer02.jpg)\">\n\n\t\t\t\n\t\t\t\t\t<\/div>\n\t\t<\/a>\t\t\t\t\t\t<\/div>\n\t\t\t\t\t\t\t\t\t\t\t<div class=\"swiper-slide\">\n\t\t\t\t\t\t\t<a href=\"https:\/\/baeumer-modellplatten.de\/website\/wp-content\/uploads\/2022\/11\/bildgalerie-oldtimer03.jpg\" data-elementor-open-lightbox=\"yes\" data-elementor-lightbox-slideshow=\"cf7cc37\" data-elementor-lightbox-title=\"bildgalerie-oldtimer03\" e-action-hash=\"#elementor-action%3Aaction%3Dlightbox%26settings%3DeyJpZCI6Mjc4LCJ1cmwiOiJodHRwczpcL1wvYmFldW1lci1tb2RlbGxwbGF0dGVuLmRlXC93ZWJzaXRlXC93cC1jb250ZW50XC91cGxvYWRzXC8yMDIyXC8xMVwvYmlsZGdhbGVyaWUtb2xkdGltZXIwMy5qcGciLCJzbGlkZXNob3ciOiJjZjdjYzM3In0%3D\">\t\t<div class=\"elementor-carousel-image\" style=\"background-image: url(https:\/\/baeumer-modellplatten.de\/website\/wp-content\/uploads\/2022\/11\/bildgalerie-oldtimer03.jpg)\">\n\n\t\t\t\n\t\t\t\t\t<\/div>\n\t\t<\/a>\t\t\t\t\t\t<\/div>\n\t\t\t\t\t\t\t\t\t\t\t<div class=\"swiper-slide\">\n\t\t\t\t\t\t\t<a href=\"https:\/\/baeumer-modellplatten.de\/website\/wp-content\/uploads\/2022\/11\/bildgalerie-oldtimer04.jpg\" data-elementor-open-lightbox=\"yes\" data-elementor-lightbox-slideshow=\"cf7cc37\" data-elementor-lightbox-title=\"bildgalerie-oldtimer04\" e-action-hash=\"#elementor-action%3Aaction%3Dlightbox%26settings%3DeyJpZCI6Mjc5LCJ1cmwiOiJodHRwczpcL1wvYmFldW1lci1tb2RlbGxwbGF0dGVuLmRlXC93ZWJzaXRlXC93cC1jb250ZW50XC91cGxvYWRzXC8yMDIyXC8xMVwvYmlsZGdhbGVyaWUtb2xkdGltZXIwNC5qcGciLCJzbGlkZXNob3ciOiJjZjdjYzM3In0%3D\">\t\t<div class=\"elementor-carousel-image\" style=\"background-image: url(https:\/\/baeumer-modellplatten.de\/website\/wp-content\/uploads\/2022\/11\/bildgalerie-oldtimer04.jpg)\">\n\n\t\t\t\n\t\t\t\t\t<\/div>\n\t\t<\/a>\t\t\t\t\t\t<\/div>\n\t\t\t\t\t\t\t\t\t\t\t<div class=\"swiper-slide\">\n\t\t\t\t\t\t\t<a href=\"https:\/\/baeumer-modellplatten.de\/website\/wp-content\/uploads\/2022\/11\/bildgalerie-oldtimer05.jpg\" data-elementor-open-lightbox=\"yes\" data-elementor-lightbox-slideshow=\"cf7cc37\" data-elementor-lightbox-title=\"bildgalerie-oldtimer05\" e-action-hash=\"#elementor-action%3Aaction%3Dlightbox%26settings%3DeyJpZCI6MjgwLCJ1cmwiOiJodHRwczpcL1wvYmFldW1lci1tb2RlbGxwbGF0dGVuLmRlXC93ZWJzaXRlXC93cC1jb250ZW50XC91cGxvYWRzXC8yMDIyXC8xMVwvYmlsZGdhbGVyaWUtb2xkdGltZXIwNS5qcGciLCJzbGlkZXNob3ciOiJjZjdjYzM3In0%3D\">\t\t<div class=\"elementor-carousel-image\" style=\"background-image: url(https:\/\/baeumer-modellplatten.de\/website\/wp-content\/uploads\/2022\/11\/bildgalerie-oldtimer05.jpg)\">\n\n\t\t\t\n\t\t\t\t\t<\/div>\n\t\t<\/a>\t\t\t\t\t\t<\/div>\n\t\t\t\t\t\t\t\t\t\t\t<div class=\"swiper-slide\">\n\t\t\t\t\t\t\t<a href=\"https:\/\/baeumer-modellplatten.de\/website\/wp-content\/uploads\/2022\/11\/bildgalerie-oldtimer06.jpg\" data-elementor-open-lightbox=\"yes\" data-elementor-lightbox-slideshow=\"cf7cc37\" data-elementor-lightbox-title=\"bildgalerie-oldtimer06\" e-action-hash=\"#elementor-action%3Aaction%3Dlightbox%26settings%3DeyJpZCI6MjgxLCJ1cmwiOiJodHRwczpcL1wvYmFldW1lci1tb2RlbGxwbGF0dGVuLmRlXC93ZWJzaXRlXC93cC1jb250ZW50XC91cGxvYWRzXC8yMDIyXC8xMVwvYmlsZGdhbGVyaWUtb2xkdGltZXIwNi5qcGciLCJzbGlkZXNob3ciOiJjZjdjYzM3In0%3D\">\t\t<div class=\"elementor-carousel-image\" style=\"background-image: url(https:\/\/baeumer-modellplatten.de\/website\/wp-content\/uploads\/2022\/11\/bildgalerie-oldtimer06.jpg)\">\n\n\t\t\t\n\t\t\t\t\t<\/div>\n\t\t<\/a>\t\t\t\t\t\t<\/div>\n\t\t\t\t\t\t\t\t\t\t\t<div class=\"swiper-slide\">\n\t\t\t\t\t\t\t<a href=\"https:\/\/baeumer-modellplatten.de\/website\/wp-content\/uploads\/2022\/11\/bildgalerie-oldtimer07.jpg\" data-elementor-open-lightbox=\"yes\" data-elementor-lightbox-slideshow=\"cf7cc37\" data-elementor-lightbox-title=\"bildgalerie-oldtimer07\" e-action-hash=\"#elementor-action%3Aaction%3Dlightbox%26settings%3DeyJpZCI6MjgyLCJ1cmwiOiJodHRwczpcL1wvYmFldW1lci1tb2RlbGxwbGF0dGVuLmRlXC93ZWJzaXRlXC93cC1jb250ZW50XC91cGxvYWRzXC8yMDIyXC8xMVwvYmlsZGdhbGVyaWUtb2xkdGltZXIwNy5qcGciLCJzbGlkZXNob3ciOiJjZjdjYzM3In0%3D\">\t\t<div class=\"elementor-carousel-image\" style=\"background-image: url(https:\/\/baeumer-modellplatten.de\/website\/wp-content\/uploads\/2022\/11\/bildgalerie-oldtimer07.jpg)\">\n\n\t\t\t\n\t\t\t\t\t<\/div>\n\t\t<\/a>\t\t\t\t\t\t<\/div>\n\t\t\t\t\t\t\t\t\t\t\t<div class=\"swiper-slide\">\n\t\t\t\t\t\t\t<a href=\"https:\/\/baeumer-modellplatten.de\/website\/wp-content\/uploads\/2022\/11\/bildgalerie-oldtimer08.jpg\" data-elementor-open-lightbox=\"yes\" data-elementor-lightbox-slideshow=\"cf7cc37\" data-elementor-lightbox-title=\"bildgalerie-oldtimer08\" e-action-hash=\"#elementor-action%3Aaction%3Dlightbox%26settings%3DeyJpZCI6MjgzLCJ1cmwiOiJodHRwczpcL1wvYmFldW1lci1tb2RlbGxwbGF0dGVuLmRlXC93ZWJzaXRlXC93cC1jb250ZW50XC91cGxvYWRzXC8yMDIyXC8xMVwvYmlsZGdhbGVyaWUtb2xkdGltZXIwOC5qcGciLCJzbGlkZXNob3ciOiJjZjdjYzM3In0%3D\">\t\t<div class=\"elementor-carousel-image\" style=\"background-image: url(https:\/\/baeumer-modellplatten.de\/website\/wp-content\/uploads\/2022\/11\/bildgalerie-oldtimer08.jpg)\">\n\n\t\t\t\n\t\t\t\t\t<\/div>\n\t\t<\/a>\t\t\t\t\t\t<\/div>\n\t\t\t\t\t\t\t\t\t\t\t<div class=\"swiper-slide\">\n\t\t\t\t\t\t\t<a href=\"https:\/\/baeumer-modellplatten.de\/website\/wp-content\/uploads\/2022\/11\/bildgalerie-oldtimer09.jpg\" data-elementor-open-lightbox=\"yes\" data-elementor-lightbox-slideshow=\"cf7cc37\" data-elementor-lightbox-title=\"bildgalerie-oldtimer09\" e-action-hash=\"#elementor-action%3Aaction%3Dlightbox%26settings%3DeyJpZCI6Mjg0LCJ1cmwiOiJodHRwczpcL1wvYmFldW1lci1tb2RlbGxwbGF0dGVuLmRlXC93ZWJzaXRlXC93cC1jb250ZW50XC91cGxvYWRzXC8yMDIyXC8xMVwvYmlsZGdhbGVyaWUtb2xkdGltZXIwOS5qcGciLCJzbGlkZXNob3ciOiJjZjdjYzM3In0%3D\">\t\t<div class=\"elementor-carousel-image\" style=\"background-image: url(https:\/\/baeumer-modellplatten.de\/website\/wp-content\/uploads\/2022\/11\/bildgalerie-oldtimer09.jpg)\">\n\n\t\t\t\n\t\t\t\t\t<\/div>\n\t\t<\/a>\t\t\t\t\t\t<\/div>\n\t\t\t\t\t\t\t\t\t\t\t<div class=\"swiper-slide\">\n\t\t\t\t\t\t\t<a href=\"https:\/\/baeumer-modellplatten.de\/website\/wp-content\/uploads\/2022\/11\/bildgalerie-oldtimer10.jpg\" data-elementor-open-lightbox=\"yes\" data-elementor-lightbox-slideshow=\"cf7cc37\" data-elementor-lightbox-title=\"Motorhaubenpuffer\" e-action-hash=\"#elementor-action%3Aaction%3Dlightbox%26settings%3DeyJpZCI6Mjg1LCJ1cmwiOiJodHRwczpcL1wvYmFldW1lci1tb2RlbGxwbGF0dGVuLmRlXC93ZWJzaXRlXC93cC1jb250ZW50XC91cGxvYWRzXC8yMDIyXC8xMVwvYmlsZGdhbGVyaWUtb2xkdGltZXIxMC5qcGciLCJzbGlkZXNob3ciOiJjZjdjYzM3In0%3D\">\t\t<div class=\"elementor-carousel-image\" style=\"background-image: url(https:\/\/baeumer-modellplatten.de\/website\/wp-content\/uploads\/2022\/11\/bildgalerie-oldtimer10.jpg)\">\n\n\t\t\t\n\t\t\t\t\t<\/div>\n\t\t<\/a>\t\t\t\t\t\t<\/div>\n\t\t\t\t\t\t\t\t\t\t\t<div class=\"swiper-slide\">\n\t\t\t\t\t\t\t<a href=\"https:\/\/baeumer-modellplatten.de\/website\/wp-content\/uploads\/2022\/11\/bildgalerie-oldtimer11.jpg\" data-elementor-open-lightbox=\"yes\" data-elementor-lightbox-slideshow=\"cf7cc37\" data-elementor-lightbox-title=\"bildgalerie-oldtimer11\" e-action-hash=\"#elementor-action%3Aaction%3Dlightbox%26settings%3DeyJpZCI6Mjg2LCJ1cmwiOiJodHRwczpcL1wvYmFldW1lci1tb2RlbGxwbGF0dGVuLmRlXC93ZWJzaXRlXC93cC1jb250ZW50XC91cGxvYWRzXC8yMDIyXC8xMVwvYmlsZGdhbGVyaWUtb2xkdGltZXIxMS5qcGciLCJzbGlkZXNob3ciOiJjZjdjYzM3In0%3D\">\t\t<div class=\"elementor-carousel-image\" style=\"background-image: url(https:\/\/baeumer-modellplatten.de\/website\/wp-content\/uploads\/2022\/11\/bildgalerie-oldtimer11.jpg)\">\n\n\t\t\t\n\t\t\t\t\t<\/div>\n\t\t<\/a>\t\t\t\t\t\t<\/div>\n\t\t\t\t\t\t\t\t\t\t\t<div class=\"swiper-slide\">\n\t\t\t\t\t\t\t<a href=\"https:\/\/baeumer-modellplatten.de\/website\/wp-content\/uploads\/2022\/11\/bildgalerie-oldtimer12.jpg\" data-elementor-open-lightbox=\"yes\" data-elementor-lightbox-slideshow=\"cf7cc37\" data-elementor-lightbox-title=\"bildgalerie-oldtimer12\" e-action-hash=\"#elementor-action%3Aaction%3Dlightbox%26settings%3DeyJpZCI6Mjg3LCJ1cmwiOiJodHRwczpcL1wvYmFldW1lci1tb2RlbGxwbGF0dGVuLmRlXC93ZWJzaXRlXC93cC1jb250ZW50XC91cGxvYWRzXC8yMDIyXC8xMVwvYmlsZGdhbGVyaWUtb2xkdGltZXIxMi5qcGciLCJzbGlkZXNob3ciOiJjZjdjYzM3In0%3D\">\t\t<div class=\"elementor-carousel-image\" style=\"background-image: url(https:\/\/baeumer-modellplatten.de\/website\/wp-content\/uploads\/2022\/11\/bildgalerie-oldtimer12.jpg)\">\n\n\t\t\t\n\t\t\t\t\t<\/div>\n\t\t<\/a>\t\t\t\t\t\t<\/div>\n\t\t\t\t\t\t\t\t\t<\/div>\n\t\t\t\t\t\t\t\t\t\t\t\t\t\t\t<div class=\"swiper-pagination\"><\/div>\n\t\t\t\t\t\t\t\t\t\t\t\t\t\t\t\t<div class=\"elementor-swiper-button elementor-swiper-button-prev\">\n\t\t\t\t\t\t\t<i aria-hidden=\"true\" class=\"eicon-chevron-left\"><\/i>\t\t\t\t\t\t\t<span class=\"elementor-screen-only\">Voriger<\/span>\n\t\t\t\t\t\t<\/div>\n\t\t\t\t\t\t<div class=\"elementor-swiper-button elementor-swiper-button-next\">\n\t\t\t\t\t\t\t<i aria-hidden=\"true\" class=\"eicon-chevron-right\"><\/i>\t\t\t\t\t\t\t<span class=\"elementor-screen-only\">N\u00e4chster<\/span>\n\t\t\t\t\t\t<\/div>\n\t\t\t\t\t\t\t\t\t\t\t\t<\/div>\n\t\t<\/div>\n\t\t\t\t<\/div>\n\t\t\t\t<\/div>\n\t\t\t\t\t<\/div>\n\t\t<\/div>\n\t\t\t\t\t\t\t<\/div>\n\t\t<\/section>\n\t\t\t\t\t\t\t<\/div>\n\t\t","protected":false},"excerpt":{"rendered":"<p>Oldtimer- und Youngtimer-Ersatzteile Die Fertigung von Funktions-Ersatzteilen f\u00fcr Old- und Youngtimer aus Metall und Kunststoff k\u00f6nnen sich sowohl auf die Bereiche der vier- als auch zweir\u00e4derigen Fahrzeuge beziehen. Die Fertigungsm\u00f6glichkeiten sind sehr vielf\u00e4ltig, wie bereits bei Prototypen und Modellen beschrieben. In Frage kommen u.a. Zierleistenklammern, Griff- und Spiegelunterlagen, Scheinwerfermasken f\u00fcr Motorr\u00e4der, Gummistopfen, Blinkleuchten, Kabelhalter und [&hellip;]<\/p>\n","protected":false},"author":1,"featured_media":294,"parent":0,"menu_order":0,"comment_status":"closed","ping_status":"closed","template":"","meta":{"footnotes":""},"class_list":["post-38","page","type-page","status-publish","has-post-thumbnail","hentry"],"_links":{"self":[{"href":"https:\/\/baeumer-modellplatten.de\/website\/wp-json\/wp\/v2\/pages\/38","targetHints":{"allow":["GET"]}}],"collection":[{"href":"https:\/\/baeumer-modellplatten.de\/website\/wp-json\/wp\/v2\/pages"}],"about":[{"href":"https:\/\/baeumer-modellplatten.de\/website\/wp-json\/wp\/v2\/types\/page"}],"author":[{"embeddable":true,"href":"https:\/\/baeumer-modellplatten.de\/website\/wp-json\/wp\/v2\/users\/1"}],"replies":[{"embeddable":true,"href":"https:\/\/baeumer-modellplatten.de\/website\/wp-json\/wp\/v2\/comments?post=38"}],"version-history":[{"count":10,"href":"https:\/\/baeumer-modellplatten.de\/website\/wp-json\/wp\/v2\/pages\/38\/revisions"}],"predecessor-version":[{"id":295,"href":"https:\/\/baeumer-modellplatten.de\/website\/wp-json\/wp\/v2\/pages\/38\/revisions\/295"}],"wp:featuredmedia":[{"embeddable":true,"href":"https:\/\/baeumer-modellplatten.de\/website\/wp-json\/wp\/v2\/media\/294"}],"wp:attachment":[{"href":"https:\/\/baeumer-modellplatten.de\/website\/wp-json\/wp\/v2\/media?parent=38"}],"curies":[{"name":"wp","href":"https:\/\/api.w.org\/{rel}","templated":true}]}}