{"id":34,"date":"2022-11-04T17:49:29","date_gmt":"2022-11-04T16:49:29","guid":{"rendered":"https:\/\/baeumer-modellplatten.de\/website\/?page_id=34"},"modified":"2022-11-04T20:38:14","modified_gmt":"2022-11-04T19:38:14","slug":"modellplatten","status":"publish","type":"page","link":"https:\/\/baeumer-modellplatten.de\/website\/modellplatten\/","title":{"rendered":"Modellplatten"},"content":{"rendered":"\t\t<div data-elementor-type=\"wp-page\" data-elementor-id=\"34\" class=\"elementor elementor-34\">\n\t\t\t\t\t\t\t\t\t<section class=\"elementor-section elementor-top-section elementor-element elementor-element-716ee04c elementor-section-boxed elementor-section-height-default elementor-section-height-default\" data-id=\"716ee04c\" data-element_type=\"section\">\n\t\t\t\t\t\t<div class=\"elementor-container elementor-column-gap-default\">\n\t\t\t\t\t<div class=\"elementor-column elementor-col-100 elementor-top-column elementor-element elementor-element-6e78c313\" data-id=\"6e78c313\" data-element_type=\"column\">\n\t\t\t<div class=\"elementor-widget-wrap elementor-element-populated\">\n\t\t\t\t\t\t\t\t<div class=\"elementor-element elementor-element-333a4a8b elementor-widget elementor-widget-text-editor\" data-id=\"333a4a8b\" data-element_type=\"widget\" data-widget_type=\"text-editor.default\">\n\t\t\t\t<div class=\"elementor-widget-container\">\n\t\t\t<style>\/*! elementor - v3.8.1 - 13-11-2022 *\/\n.elementor-widget-text-editor.elementor-drop-cap-view-stacked .elementor-drop-cap{background-color:#818a91;color:#fff}.elementor-widget-text-editor.elementor-drop-cap-view-framed .elementor-drop-cap{color:#818a91;border:3px solid;background-color:transparent}.elementor-widget-text-editor:not(.elementor-drop-cap-view-default) .elementor-drop-cap{margin-top:8px}.elementor-widget-text-editor:not(.elementor-drop-cap-view-default) .elementor-drop-cap-letter{width:1em;height:1em}.elementor-widget-text-editor .elementor-drop-cap{float:left;text-align:center;line-height:1;font-size:50px}.elementor-widget-text-editor .elementor-drop-cap-letter{display:inline-block}<\/style>\t\t\t\t<b>Modellplatten aus Gips<\/b>\r\nMit dem Bereich der Gips-Modellplatten f\u00fcr den Gie\u00dferei<b>modellbau<\/b>\u00a0hat alles angefangen. Bis heute sind wir Spezialist und bundesweit das einzige Unternehmen, welches selbstst\u00e4ndig folgende Gipsmodellplatten fertigt:\r\n<ul>\r\n \t<li>Modellplatten aus Gips f\u00fcr Vertikalformanlagen (z.B. Disamatik) und Horizontalanlagen wie Standbahn oder KWC.\r\nJe nach Bedarf und ben\u00f6tigter St\u00fcckzahl der Abformungen werden spezielle Modellgipssorten verwendet, die in ihren Eigenschaften auf die Anforderungen abgestimmt sind.<\/li>\r\n \t<li>\u00dcberdeck-Modellplatten<\/li>\r\n \t<li>Lose Muster<\/li>\r\n<\/ul>\t\t\t\t\t\t<\/div>\n\t\t\t\t<\/div>\n\t\t\t\t\t<\/div>\n\t\t<\/div>\n\t\t\t\t\t\t\t<\/div>\n\t\t<\/section>\n\t\t\t\t<section class=\"elementor-section elementor-top-section elementor-element elementor-element-37f0b9c elementor-section-boxed elementor-section-height-default elementor-section-height-default\" data-id=\"37f0b9c\" data-element_type=\"section\">\n\t\t\t\t\t\t<div class=\"elementor-container elementor-column-gap-default\">\n\t\t\t\t\t<div class=\"elementor-column elementor-col-100 elementor-top-column elementor-element elementor-element-3f1a224\" data-id=\"3f1a224\" data-element_type=\"column\">\n\t\t\t<div class=\"elementor-widget-wrap elementor-element-populated\">\n\t\t\t\t\t\t\t\t<div class=\"elementor-element elementor-element-df278f2 elementor-skin-carousel elementor-arrows-yes elementor-pagination-type-bullets elementor-pagination-position-outside elementor-widget elementor-widget-media-carousel\" data-id=\"df278f2\" data-element_type=\"widget\" data-settings=\"{&quot;slides_per_view&quot;:&quot;1&quot;,&quot;skin&quot;:&quot;carousel&quot;,&quot;effect&quot;:&quot;slide&quot;,&quot;show_arrows&quot;:&quot;yes&quot;,&quot;pagination&quot;:&quot;bullets&quot;,&quot;speed&quot;:500,&quot;autoplay&quot;:&quot;yes&quot;,&quot;autoplay_speed&quot;:5000,&quot;loop&quot;:&quot;yes&quot;,&quot;pause_on_hover&quot;:&quot;yes&quot;,&quot;pause_on_interaction&quot;:&quot;yes&quot;,&quot;space_between&quot;:{&quot;unit&quot;:&quot;px&quot;,&quot;size&quot;:10,&quot;sizes&quot;:[]},&quot;space_between_tablet&quot;:{&quot;unit&quot;:&quot;px&quot;,&quot;size&quot;:10,&quot;sizes&quot;:[]},&quot;space_between_mobile&quot;:{&quot;unit&quot;:&quot;px&quot;,&quot;size&quot;:10,&quot;sizes&quot;:[]}}\" data-widget_type=\"media-carousel.default\">\n\t\t\t\t<div class=\"elementor-widget-container\">\n\t\t\t<link rel=\"stylesheet\" href=\"https:\/\/baeumer-modellplatten.de\/website\/wp-content\/plugins\/elementor-pro\/assets\/css\/widget-carousel.min.css\">\t\t<div class=\"elementor-swiper\">\n\t\t\t<div class=\"elementor-main-swiper swiper-container\">\n\t\t\t\t<div class=\"swiper-wrapper\">\n\t\t\t\t\t\t\t\t\t\t\t<div class=\"swiper-slide\">\n\t\t\t\t\t\t\t<a href=\"https:\/\/baeumer-modellplatten.de\/website\/wp-content\/uploads\/2022\/11\/bildgalerie-mdpkunststoff01.jpg\" data-elementor-open-lightbox=\"yes\" data-elementor-lightbox-slideshow=\"df278f2\" data-elementor-lightbox-title=\"bildgalerie-mdpkunststoff01\" e-action-hash=\"#elementor-action%3Aaction%3Dlightbox%26settings%3DeyJpZCI6MTU4LCJ1cmwiOiJodHRwczpcL1wvYmFldW1lci1tb2RlbGxwbGF0dGVuLmRlXC93ZWJzaXRlXC93cC1jb250ZW50XC91cGxvYWRzXC8yMDIyXC8xMVwvYmlsZGdhbGVyaWUtbWRwa3Vuc3RzdG9mZjAxLmpwZyIsInNsaWRlc2hvdyI6ImRmMjc4ZjIifQ%3D%3D\">\t\t<div class=\"elementor-carousel-image\" style=\"background-image: url(https:\/\/baeumer-modellplatten.de\/website\/wp-content\/uploads\/2022\/11\/bildgalerie-mdpkunststoff01-1024x768.jpg)\">\n\n\t\t\t\n\t\t\t\t\t<\/div>\n\t\t<\/a>\t\t\t\t\t\t<\/div>\n\t\t\t\t\t\t\t\t\t\t\t<div class=\"swiper-slide\">\n\t\t\t\t\t\t\t<a href=\"https:\/\/baeumer-modellplatten.de\/website\/wp-content\/uploads\/2022\/11\/bildgalerie-mdpkunststoff02.jpg\" data-elementor-open-lightbox=\"yes\" data-elementor-lightbox-slideshow=\"df278f2\" data-elementor-lightbox-title=\"bildgalerie-mdpkunststoff02\" e-action-hash=\"#elementor-action%3Aaction%3Dlightbox%26settings%3DeyJpZCI6MTU5LCJ1cmwiOiJodHRwczpcL1wvYmFldW1lci1tb2RlbGxwbGF0dGVuLmRlXC93ZWJzaXRlXC93cC1jb250ZW50XC91cGxvYWRzXC8yMDIyXC8xMVwvYmlsZGdhbGVyaWUtbWRwa3Vuc3RzdG9mZjAyLmpwZyIsInNsaWRlc2hvdyI6ImRmMjc4ZjIifQ%3D%3D\">\t\t<div class=\"elementor-carousel-image\" style=\"background-image: url(https:\/\/baeumer-modellplatten.de\/website\/wp-content\/uploads\/2022\/11\/bildgalerie-mdpkunststoff02-1024x768.jpg)\">\n\n\t\t\t\n\t\t\t\t\t<\/div>\n\t\t<\/a>\t\t\t\t\t\t<\/div>\n\t\t\t\t\t\t\t\t\t\t\t<div class=\"swiper-slide\">\n\t\t\t\t\t\t\t<a href=\"https:\/\/baeumer-modellplatten.de\/website\/wp-content\/uploads\/2022\/11\/bildgalerie-mdpkunststoff03.jpg\" data-elementor-open-lightbox=\"yes\" data-elementor-lightbox-slideshow=\"df278f2\" data-elementor-lightbox-title=\"bildgalerie-mdpkunststoff03\" e-action-hash=\"#elementor-action%3Aaction%3Dlightbox%26settings%3DeyJpZCI6MTYwLCJ1cmwiOiJodHRwczpcL1wvYmFldW1lci1tb2RlbGxwbGF0dGVuLmRlXC93ZWJzaXRlXC93cC1jb250ZW50XC91cGxvYWRzXC8yMDIyXC8xMVwvYmlsZGdhbGVyaWUtbWRwa3Vuc3RzdG9mZjAzLmpwZyIsInNsaWRlc2hvdyI6ImRmMjc4ZjIifQ%3D%3D\">\t\t<div class=\"elementor-carousel-image\" style=\"background-image: url(https:\/\/baeumer-modellplatten.de\/website\/wp-content\/uploads\/2022\/11\/bildgalerie-mdpkunststoff03.jpg)\">\n\n\t\t\t\n\t\t\t\t\t<\/div>\n\t\t<\/a>\t\t\t\t\t\t<\/div>\n\t\t\t\t\t\t\t\t\t\t\t<div class=\"swiper-slide\">\n\t\t\t\t\t\t\t<a href=\"https:\/\/baeumer-modellplatten.de\/website\/wp-content\/uploads\/2022\/11\/bildgalerie-mdpkunststoff06.jpg\" data-elementor-open-lightbox=\"yes\" data-elementor-lightbox-slideshow=\"df278f2\" data-elementor-lightbox-title=\"bildgalerie-mdpkunststoff06\" e-action-hash=\"#elementor-action%3Aaction%3Dlightbox%26settings%3DeyJpZCI6MTYzLCJ1cmwiOiJodHRwczpcL1wvYmFldW1lci1tb2RlbGxwbGF0dGVuLmRlXC93ZWJzaXRlXC93cC1jb250ZW50XC91cGxvYWRzXC8yMDIyXC8xMVwvYmlsZGdhbGVyaWUtbWRwa3Vuc3RzdG9mZjA2LmpwZyIsInNsaWRlc2hvdyI6ImRmMjc4ZjIifQ%3D%3D\">\t\t<div class=\"elementor-carousel-image\" style=\"background-image: url(https:\/\/baeumer-modellplatten.de\/website\/wp-content\/uploads\/2022\/11\/bildgalerie-mdpkunststoff06.jpg)\">\n\n\t\t\t\n\t\t\t\t\t<\/div>\n\t\t<\/a>\t\t\t\t\t\t<\/div>\n\t\t\t\t\t\t\t\t\t\t\t<div class=\"swiper-slide\">\n\t\t\t\t\t\t\t<a href=\"https:\/\/baeumer-modellplatten.de\/website\/wp-content\/uploads\/2022\/11\/bildgalerie-mdpkunststoff04.jpg\" data-elementor-open-lightbox=\"yes\" data-elementor-lightbox-slideshow=\"df278f2\" data-elementor-lightbox-title=\"bildgalerie-mdpkunststoff04\" e-action-hash=\"#elementor-action%3Aaction%3Dlightbox%26settings%3DeyJpZCI6MTYxLCJ1cmwiOiJodHRwczpcL1wvYmFldW1lci1tb2RlbGxwbGF0dGVuLmRlXC93ZWJzaXRlXC93cC1jb250ZW50XC91cGxvYWRzXC8yMDIyXC8xMVwvYmlsZGdhbGVyaWUtbWRwa3Vuc3RzdG9mZjA0LmpwZyIsInNsaWRlc2hvdyI6ImRmMjc4ZjIifQ%3D%3D\">\t\t<div class=\"elementor-carousel-image\" style=\"background-image: url(https:\/\/baeumer-modellplatten.de\/website\/wp-content\/uploads\/2022\/11\/bildgalerie-mdpkunststoff04.jpg)\">\n\n\t\t\t\n\t\t\t\t\t<\/div>\n\t\t<\/a>\t\t\t\t\t\t<\/div>\n\t\t\t\t\t\t\t\t\t\t\t<div class=\"swiper-slide\">\n\t\t\t\t\t\t\t<a href=\"https:\/\/baeumer-modellplatten.de\/website\/wp-content\/uploads\/2022\/11\/bildgalerie-mdpkunststoff07.jpg\" data-elementor-open-lightbox=\"yes\" data-elementor-lightbox-slideshow=\"df278f2\" data-elementor-lightbox-title=\"bildgalerie-mdpkunststoff07\" e-action-hash=\"#elementor-action%3Aaction%3Dlightbox%26settings%3DeyJpZCI6MTY0LCJ1cmwiOiJodHRwczpcL1wvYmFldW1lci1tb2RlbGxwbGF0dGVuLmRlXC93ZWJzaXRlXC93cC1jb250ZW50XC91cGxvYWRzXC8yMDIyXC8xMVwvYmlsZGdhbGVyaWUtbWRwa3Vuc3RzdG9mZjA3LmpwZyIsInNsaWRlc2hvdyI6ImRmMjc4ZjIifQ%3D%3D\">\t\t<div class=\"elementor-carousel-image\" style=\"background-image: url(https:\/\/baeumer-modellplatten.de\/website\/wp-content\/uploads\/2022\/11\/bildgalerie-mdpkunststoff07.jpg)\">\n\n\t\t\t\n\t\t\t\t\t<\/div>\n\t\t<\/a>\t\t\t\t\t\t<\/div>\n\t\t\t\t\t\t\t\t\t\t\t<div class=\"swiper-slide\">\n\t\t\t\t\t\t\t<a href=\"https:\/\/baeumer-modellplatten.de\/website\/wp-content\/uploads\/2022\/11\/bildgalerie-mdpkunststoff05.jpg\" data-elementor-open-lightbox=\"yes\" data-elementor-lightbox-slideshow=\"df278f2\" data-elementor-lightbox-title=\"bildgalerie-mdpkunststoff05\" e-action-hash=\"#elementor-action%3Aaction%3Dlightbox%26settings%3DeyJpZCI6MTYyLCJ1cmwiOiJodHRwczpcL1wvYmFldW1lci1tb2RlbGxwbGF0dGVuLmRlXC93ZWJzaXRlXC93cC1jb250ZW50XC91cGxvYWRzXC8yMDIyXC8xMVwvYmlsZGdhbGVyaWUtbWRwa3Vuc3RzdG9mZjA1LmpwZyIsInNsaWRlc2hvdyI6ImRmMjc4ZjIifQ%3D%3D\">\t\t<div class=\"elementor-carousel-image\" style=\"background-image: url(https:\/\/baeumer-modellplatten.de\/website\/wp-content\/uploads\/2022\/11\/bildgalerie-mdpkunststoff05.jpg)\">\n\n\t\t\t\n\t\t\t\t\t<\/div>\n\t\t<\/a>\t\t\t\t\t\t<\/div>\n\t\t\t\t\t\t\t\t\t<\/div>\n\t\t\t\t\t\t\t\t\t\t\t\t\t\t\t<div class=\"swiper-pagination\"><\/div>\n\t\t\t\t\t\t\t\t\t\t\t\t\t\t\t\t<div class=\"elementor-swiper-button elementor-swiper-button-prev\">\n\t\t\t\t\t\t\t<i aria-hidden=\"true\" class=\"eicon-chevron-left\"><\/i>\t\t\t\t\t\t\t<span class=\"elementor-screen-only\">Voriger<\/span>\n\t\t\t\t\t\t<\/div>\n\t\t\t\t\t\t<div class=\"elementor-swiper-button elementor-swiper-button-next\">\n\t\t\t\t\t\t\t<i aria-hidden=\"true\" class=\"eicon-chevron-right\"><\/i>\t\t\t\t\t\t\t<span class=\"elementor-screen-only\">N\u00e4chster<\/span>\n\t\t\t\t\t\t<\/div>\n\t\t\t\t\t\t\t\t\t\t\t\t<\/div>\n\t\t<\/div>\n\t\t\t\t<\/div>\n\t\t\t\t<\/div>\n\t\t\t\t\t<\/div>\n\t\t<\/div>\n\t\t\t\t\t\t\t<\/div>\n\t\t<\/section>\n\t\t\t\t<section class=\"elementor-section elementor-top-section elementor-element elementor-element-1036d68 elementor-section-boxed elementor-section-height-default elementor-section-height-default\" data-id=\"1036d68\" data-element_type=\"section\">\n\t\t\t\t\t\t<div class=\"elementor-container elementor-column-gap-default\">\n\t\t\t\t\t<div class=\"elementor-column elementor-col-100 elementor-top-column elementor-element elementor-element-c3a3846\" data-id=\"c3a3846\" data-element_type=\"column\">\n\t\t\t<div class=\"elementor-widget-wrap elementor-element-populated\">\n\t\t\t\t\t\t\t\t<div class=\"elementor-element elementor-element-350625c elementor-widget elementor-widget-text-editor\" data-id=\"350625c\" data-element_type=\"widget\" data-widget_type=\"text-editor.default\">\n\t\t\t\t<div class=\"elementor-widget-container\">\n\t\t\t\t\t\t\t<p><b>Modellplatten aus Kunststoff<\/b><br \/>Ebenfalls f\u00fcr die o.g. Formanlagen fertigen wir Modellplatten aus Kunststoff. Gearbeitet wird nach folgenden Verfahren:<\/p><ul><li>Abformung eines Negativs von der serienreifen Gipsmodellplatte<\/li><li>Abformung eines Positivs vom zuvor abgeformten Kunststoff-Negativ f\u00fcr den Einsatz in der Produktion der Sandgie\u00dfereien<\/li><li>Aufguss von Modellen auf Holz-, Metall- oder Hartfaserplatten<\/li><\/ul><p>Auch hier werden die Kunststoffsorten mit ihren spezifischen Eigenschaften an die Kundenanforderungen angepasst. Verarbeitet werden Epoxidharze, Polyurethane und Verbundstoffe wie GFK und CFK.<\/p><p>\u00a0<\/p><div class=\"ls-fullscreen-wrapper\"><div id=\"layerslider_4\" class=\"ls-wp-container fitvidsignore ls-v6 ls-container ls-responsive ls-device-is-desktop\" data-layerslider-uid=\"LS059jick9t\"><div class=\"ls-inner\"><div class=\"ls-layers\">\u00a0<\/div><\/div><\/div><\/div>\t\t\t\t\t\t<\/div>\n\t\t\t\t<\/div>\n\t\t\t\t\t<\/div>\n\t\t<\/div>\n\t\t\t\t\t\t\t<\/div>\n\t\t<\/section>\n\t\t\t\t<section class=\"elementor-section elementor-top-section elementor-element elementor-element-9f27663 elementor-section-boxed elementor-section-height-default elementor-section-height-default\" data-id=\"9f27663\" data-element_type=\"section\">\n\t\t\t\t\t\t<div class=\"elementor-container elementor-column-gap-default\">\n\t\t\t\t\t<div class=\"elementor-column elementor-col-100 elementor-top-column elementor-element elementor-element-a1e045e\" data-id=\"a1e045e\" data-element_type=\"column\">\n\t\t\t<div class=\"elementor-widget-wrap elementor-element-populated\">\n\t\t\t\t\t\t\t\t<div class=\"elementor-element elementor-element-0a19646 elementor-skin-carousel elementor-arrows-yes elementor-pagination-type-bullets elementor-pagination-position-outside elementor-widget elementor-widget-media-carousel\" data-id=\"0a19646\" data-element_type=\"widget\" data-settings=\"{&quot;slides_per_view&quot;:&quot;1&quot;,&quot;skin&quot;:&quot;carousel&quot;,&quot;effect&quot;:&quot;slide&quot;,&quot;show_arrows&quot;:&quot;yes&quot;,&quot;pagination&quot;:&quot;bullets&quot;,&quot;speed&quot;:500,&quot;autoplay&quot;:&quot;yes&quot;,&quot;autoplay_speed&quot;:5000,&quot;loop&quot;:&quot;yes&quot;,&quot;pause_on_hover&quot;:&quot;yes&quot;,&quot;pause_on_interaction&quot;:&quot;yes&quot;,&quot;space_between&quot;:{&quot;unit&quot;:&quot;px&quot;,&quot;size&quot;:10,&quot;sizes&quot;:[]},&quot;space_between_tablet&quot;:{&quot;unit&quot;:&quot;px&quot;,&quot;size&quot;:10,&quot;sizes&quot;:[]},&quot;space_between_mobile&quot;:{&quot;unit&quot;:&quot;px&quot;,&quot;size&quot;:10,&quot;sizes&quot;:[]}}\" data-widget_type=\"media-carousel.default\">\n\t\t\t\t<div class=\"elementor-widget-container\">\n\t\t\t\t\t<div class=\"elementor-swiper\">\n\t\t\t<div class=\"elementor-main-swiper swiper-container\">\n\t\t\t\t<div class=\"swiper-wrapper\">\n\t\t\t\t\t\t\t\t\t\t\t<div class=\"swiper-slide\">\n\t\t\t\t\t\t\t<a href=\"https:\/\/baeumer-modellplatten.de\/website\/wp-content\/uploads\/2022\/11\/bildgalerie-mdpgips01.jpg\" data-elementor-open-lightbox=\"yes\" data-elementor-lightbox-slideshow=\"0a19646\" data-elementor-lightbox-title=\"bildgalerie-mdpgips01\" e-action-hash=\"#elementor-action%3Aaction%3Dlightbox%26settings%3DeyJpZCI6MTQ4LCJ1cmwiOiJodHRwczpcL1wvYmFldW1lci1tb2RlbGxwbGF0dGVuLmRlXC93ZWJzaXRlXC93cC1jb250ZW50XC91cGxvYWRzXC8yMDIyXC8xMVwvYmlsZGdhbGVyaWUtbWRwZ2lwczAxLmpwZyIsInNsaWRlc2hvdyI6IjBhMTk2NDYifQ%3D%3D\">\t\t<div class=\"elementor-carousel-image\" style=\"background-image: url(https:\/\/baeumer-modellplatten.de\/website\/wp-content\/uploads\/2022\/11\/bildgalerie-mdpgips01.jpg)\">\n\n\t\t\t\n\t\t\t\t\t<\/div>\n\t\t<\/a>\t\t\t\t\t\t<\/div>\n\t\t\t\t\t\t\t\t\t\t\t<div class=\"swiper-slide\">\n\t\t\t\t\t\t\t<a href=\"https:\/\/baeumer-modellplatten.de\/website\/wp-content\/uploads\/2022\/11\/bildgalerie-mdpgips02.jpg\" data-elementor-open-lightbox=\"yes\" data-elementor-lightbox-slideshow=\"0a19646\" data-elementor-lightbox-title=\"bildgalerie-mdpgips02\" e-action-hash=\"#elementor-action%3Aaction%3Dlightbox%26settings%3DeyJpZCI6MTQ5LCJ1cmwiOiJodHRwczpcL1wvYmFldW1lci1tb2RlbGxwbGF0dGVuLmRlXC93ZWJzaXRlXC93cC1jb250ZW50XC91cGxvYWRzXC8yMDIyXC8xMVwvYmlsZGdhbGVyaWUtbWRwZ2lwczAyLmpwZyIsInNsaWRlc2hvdyI6IjBhMTk2NDYifQ%3D%3D\">\t\t<div class=\"elementor-carousel-image\" style=\"background-image: url(https:\/\/baeumer-modellplatten.de\/website\/wp-content\/uploads\/2022\/11\/bildgalerie-mdpgips02.jpg)\">\n\n\t\t\t\n\t\t\t\t\t<\/div>\n\t\t<\/a>\t\t\t\t\t\t<\/div>\n\t\t\t\t\t\t\t\t\t\t\t<div class=\"swiper-slide\">\n\t\t\t\t\t\t\t<a href=\"https:\/\/baeumer-modellplatten.de\/website\/wp-content\/uploads\/2022\/11\/bildgalerie-mdpgips03.jpg\" data-elementor-open-lightbox=\"yes\" data-elementor-lightbox-slideshow=\"0a19646\" data-elementor-lightbox-title=\"bildgalerie-mdpgips03\" e-action-hash=\"#elementor-action%3Aaction%3Dlightbox%26settings%3DeyJpZCI6MTUwLCJ1cmwiOiJodHRwczpcL1wvYmFldW1lci1tb2RlbGxwbGF0dGVuLmRlXC93ZWJzaXRlXC93cC1jb250ZW50XC91cGxvYWRzXC8yMDIyXC8xMVwvYmlsZGdhbGVyaWUtbWRwZ2lwczAzLmpwZyIsInNsaWRlc2hvdyI6IjBhMTk2NDYifQ%3D%3D\">\t\t<div class=\"elementor-carousel-image\" style=\"background-image: url(https:\/\/baeumer-modellplatten.de\/website\/wp-content\/uploads\/2022\/11\/bildgalerie-mdpgips03.jpg)\">\n\n\t\t\t\n\t\t\t\t\t<\/div>\n\t\t<\/a>\t\t\t\t\t\t<\/div>\n\t\t\t\t\t\t\t\t\t\t\t<div class=\"swiper-slide\">\n\t\t\t\t\t\t\t<a href=\"https:\/\/baeumer-modellplatten.de\/website\/wp-content\/uploads\/2022\/11\/bildgalerie-mdpgips04.jpg\" data-elementor-open-lightbox=\"yes\" data-elementor-lightbox-slideshow=\"0a19646\" data-elementor-lightbox-title=\"bildgalerie-mdpgips04\" e-action-hash=\"#elementor-action%3Aaction%3Dlightbox%26settings%3DeyJpZCI6MTUxLCJ1cmwiOiJodHRwczpcL1wvYmFldW1lci1tb2RlbGxwbGF0dGVuLmRlXC93ZWJzaXRlXC93cC1jb250ZW50XC91cGxvYWRzXC8yMDIyXC8xMVwvYmlsZGdhbGVyaWUtbWRwZ2lwczA0LmpwZyIsInNsaWRlc2hvdyI6IjBhMTk2NDYifQ%3D%3D\">\t\t<div class=\"elementor-carousel-image\" style=\"background-image: url(https:\/\/baeumer-modellplatten.de\/website\/wp-content\/uploads\/2022\/11\/bildgalerie-mdpgips04-1024x768.jpg)\">\n\n\t\t\t\n\t\t\t\t\t<\/div>\n\t\t<\/a>\t\t\t\t\t\t<\/div>\n\t\t\t\t\t\t\t\t\t\t\t<div class=\"swiper-slide\">\n\t\t\t\t\t\t\t<a href=\"https:\/\/baeumer-modellplatten.de\/website\/wp-content\/uploads\/2022\/11\/bildgalerie-mdpgips05.jpg\" data-elementor-open-lightbox=\"yes\" data-elementor-lightbox-slideshow=\"0a19646\" data-elementor-lightbox-title=\"bildgalerie-mdpgips05\" e-action-hash=\"#elementor-action%3Aaction%3Dlightbox%26settings%3DeyJpZCI6MTUyLCJ1cmwiOiJodHRwczpcL1wvYmFldW1lci1tb2RlbGxwbGF0dGVuLmRlXC93ZWJzaXRlXC93cC1jb250ZW50XC91cGxvYWRzXC8yMDIyXC8xMVwvYmlsZGdhbGVyaWUtbWRwZ2lwczA1LmpwZyIsInNsaWRlc2hvdyI6IjBhMTk2NDYifQ%3D%3D\">\t\t<div class=\"elementor-carousel-image\" style=\"background-image: url(https:\/\/baeumer-modellplatten.de\/website\/wp-content\/uploads\/2022\/11\/bildgalerie-mdpgips05-1024x768.jpg)\">\n\n\t\t\t\n\t\t\t\t\t<\/div>\n\t\t<\/a>\t\t\t\t\t\t<\/div>\n\t\t\t\t\t\t\t\t\t\t\t<div class=\"swiper-slide\">\n\t\t\t\t\t\t\t<a href=\"https:\/\/baeumer-modellplatten.de\/website\/wp-content\/uploads\/2022\/11\/bildgalerie-mdpgips06.jpg\" data-elementor-open-lightbox=\"yes\" data-elementor-lightbox-slideshow=\"0a19646\" data-elementor-lightbox-title=\"bildgalerie-mdpgips06\" e-action-hash=\"#elementor-action%3Aaction%3Dlightbox%26settings%3DeyJpZCI6MTUzLCJ1cmwiOiJodHRwczpcL1wvYmFldW1lci1tb2RlbGxwbGF0dGVuLmRlXC93ZWJzaXRlXC93cC1jb250ZW50XC91cGxvYWRzXC8yMDIyXC8xMVwvYmlsZGdhbGVyaWUtbWRwZ2lwczA2LmpwZyIsInNsaWRlc2hvdyI6IjBhMTk2NDYifQ%3D%3D\">\t\t<div class=\"elementor-carousel-image\" style=\"background-image: url(https:\/\/baeumer-modellplatten.de\/website\/wp-content\/uploads\/2022\/11\/bildgalerie-mdpgips06.jpg)\">\n\n\t\t\t\n\t\t\t\t\t<\/div>\n\t\t<\/a>\t\t\t\t\t\t<\/div>\n\t\t\t\t\t\t\t\t\t\t\t<div class=\"swiper-slide\">\n\t\t\t\t\t\t\t<a href=\"https:\/\/baeumer-modellplatten.de\/website\/wp-content\/uploads\/2022\/11\/bildgalerie-mdpgips07.jpg\" data-elementor-open-lightbox=\"yes\" data-elementor-lightbox-slideshow=\"0a19646\" data-elementor-lightbox-title=\"bildgalerie-mdpgips07\" e-action-hash=\"#elementor-action%3Aaction%3Dlightbox%26settings%3DeyJpZCI6MTU0LCJ1cmwiOiJodHRwczpcL1wvYmFldW1lci1tb2RlbGxwbGF0dGVuLmRlXC93ZWJzaXRlXC93cC1jb250ZW50XC91cGxvYWRzXC8yMDIyXC8xMVwvYmlsZGdhbGVyaWUtbWRwZ2lwczA3LmpwZyIsInNsaWRlc2hvdyI6IjBhMTk2NDYifQ%3D%3D\">\t\t<div class=\"elementor-carousel-image\" style=\"background-image: url(https:\/\/baeumer-modellplatten.de\/website\/wp-content\/uploads\/2022\/11\/bildgalerie-mdpgips07.jpg)\">\n\n\t\t\t\n\t\t\t\t\t<\/div>\n\t\t<\/a>\t\t\t\t\t\t<\/div>\n\t\t\t\t\t\t\t\t\t\t\t<div class=\"swiper-slide\">\n\t\t\t\t\t\t\t<a href=\"https:\/\/baeumer-modellplatten.de\/website\/wp-content\/uploads\/2022\/11\/bildgalerie-mdpgips08.jpg\" data-elementor-open-lightbox=\"yes\" data-elementor-lightbox-slideshow=\"0a19646\" data-elementor-lightbox-title=\"bildgalerie-mdpgips08\" e-action-hash=\"#elementor-action%3Aaction%3Dlightbox%26settings%3DeyJpZCI6MTU1LCJ1cmwiOiJodHRwczpcL1wvYmFldW1lci1tb2RlbGxwbGF0dGVuLmRlXC93ZWJzaXRlXC93cC1jb250ZW50XC91cGxvYWRzXC8yMDIyXC8xMVwvYmlsZGdhbGVyaWUtbWRwZ2lwczA4LmpwZyIsInNsaWRlc2hvdyI6IjBhMTk2NDYifQ%3D%3D\">\t\t<div class=\"elementor-carousel-image\" style=\"background-image: url(https:\/\/baeumer-modellplatten.de\/website\/wp-content\/uploads\/2022\/11\/bildgalerie-mdpgips08.jpg)\">\n\n\t\t\t\n\t\t\t\t\t<\/div>\n\t\t<\/a>\t\t\t\t\t\t<\/div>\n\t\t\t\t\t\t\t\t\t\t\t<div class=\"swiper-slide\">\n\t\t\t\t\t\t\t<a href=\"https:\/\/baeumer-modellplatten.de\/website\/wp-content\/uploads\/2022\/11\/bildgalerie-mdpgips09.jpg\" data-elementor-open-lightbox=\"yes\" data-elementor-lightbox-slideshow=\"0a19646\" data-elementor-lightbox-title=\"bildgalerie-mdpgips09\" e-action-hash=\"#elementor-action%3Aaction%3Dlightbox%26settings%3DeyJpZCI6MTU2LCJ1cmwiOiJodHRwczpcL1wvYmFldW1lci1tb2RlbGxwbGF0dGVuLmRlXC93ZWJzaXRlXC93cC1jb250ZW50XC91cGxvYWRzXC8yMDIyXC8xMVwvYmlsZGdhbGVyaWUtbWRwZ2lwczA5LmpwZyIsInNsaWRlc2hvdyI6IjBhMTk2NDYifQ%3D%3D\">\t\t<div class=\"elementor-carousel-image\" style=\"background-image: url(https:\/\/baeumer-modellplatten.de\/website\/wp-content\/uploads\/2022\/11\/bildgalerie-mdpgips09.jpg)\">\n\n\t\t\t\n\t\t\t\t\t<\/div>\n\t\t<\/a>\t\t\t\t\t\t<\/div>\n\t\t\t\t\t\t\t\t\t\t\t<div class=\"swiper-slide\">\n\t\t\t\t\t\t\t<a href=\"https:\/\/baeumer-modellplatten.de\/website\/wp-content\/uploads\/2022\/11\/bildgalerie-mdpgips10.jpg\" data-elementor-open-lightbox=\"yes\" data-elementor-lightbox-slideshow=\"0a19646\" data-elementor-lightbox-title=\"bildgalerie-mdpgips10\" e-action-hash=\"#elementor-action%3Aaction%3Dlightbox%26settings%3DeyJpZCI6MTU3LCJ1cmwiOiJodHRwczpcL1wvYmFldW1lci1tb2RlbGxwbGF0dGVuLmRlXC93ZWJzaXRlXC93cC1jb250ZW50XC91cGxvYWRzXC8yMDIyXC8xMVwvYmlsZGdhbGVyaWUtbWRwZ2lwczEwLmpwZyIsInNsaWRlc2hvdyI6IjBhMTk2NDYifQ%3D%3D\">\t\t<div class=\"elementor-carousel-image\" style=\"background-image: url(https:\/\/baeumer-modellplatten.de\/website\/wp-content\/uploads\/2022\/11\/bildgalerie-mdpgips10.jpg)\">\n\n\t\t\t\n\t\t\t\t\t<\/div>\n\t\t<\/a>\t\t\t\t\t\t<\/div>\n\t\t\t\t\t\t\t\t\t<\/div>\n\t\t\t\t\t\t\t\t\t\t\t\t\t\t\t<div class=\"swiper-pagination\"><\/div>\n\t\t\t\t\t\t\t\t\t\t\t\t\t\t\t\t<div class=\"elementor-swiper-button elementor-swiper-button-prev\">\n\t\t\t\t\t\t\t<i aria-hidden=\"true\" class=\"eicon-chevron-left\"><\/i>\t\t\t\t\t\t\t<span class=\"elementor-screen-only\">Voriger<\/span>\n\t\t\t\t\t\t<\/div>\n\t\t\t\t\t\t<div class=\"elementor-swiper-button elementor-swiper-button-next\">\n\t\t\t\t\t\t\t<i aria-hidden=\"true\" class=\"eicon-chevron-right\"><\/i>\t\t\t\t\t\t\t<span class=\"elementor-screen-only\">N\u00e4chster<\/span>\n\t\t\t\t\t\t<\/div>\n\t\t\t\t\t\t\t\t\t\t\t\t<\/div>\n\t\t<\/div>\n\t\t\t\t<\/div>\n\t\t\t\t<\/div>\n\t\t\t\t\t<\/div>\n\t\t<\/div>\n\t\t\t\t\t\t\t<\/div>\n\t\t<\/section>\n\t\t\t\t\t\t\t<\/div>\n\t\t","protected":false},"excerpt":{"rendered":"<p>Modellplatten aus Gips Mit dem Bereich der Gips-Modellplatten f\u00fcr den Gie\u00dfereimodellbau\u00a0hat alles angefangen. Bis heute sind wir Spezialist und bundesweit das einzige Unternehmen, welches selbstst\u00e4ndig folgende Gipsmodellplatten fertigt: Modellplatten aus Gips f\u00fcr Vertikalformanlagen (z.B. Disamatik) und Horizontalanlagen wie Standbahn oder KWC. Je nach Bedarf und ben\u00f6tigter St\u00fcckzahl der Abformungen werden spezielle Modellgipssorten verwendet, die in [&hellip;]<\/p>\n","protected":false},"author":1,"featured_media":136,"parent":0,"menu_order":0,"comment_status":"closed","ping_status":"closed","template":"","meta":{"footnotes":""},"class_list":["post-34","page","type-page","status-publish","has-post-thumbnail","hentry"],"_links":{"self":[{"href":"https:\/\/baeumer-modellplatten.de\/website\/wp-json\/wp\/v2\/pages\/34","targetHints":{"allow":["GET"]}}],"collection":[{"href":"https:\/\/baeumer-modellplatten.de\/website\/wp-json\/wp\/v2\/pages"}],"about":[{"href":"https:\/\/baeumer-modellplatten.de\/website\/wp-json\/wp\/v2\/types\/page"}],"author":[{"embeddable":true,"href":"https:\/\/baeumer-modellplatten.de\/website\/wp-json\/wp\/v2\/users\/1"}],"replies":[{"embeddable":true,"href":"https:\/\/baeumer-modellplatten.de\/website\/wp-json\/wp\/v2\/comments?post=34"}],"version-history":[{"count":81,"href":"https:\/\/baeumer-modellplatten.de\/website\/wp-json\/wp\/v2\/pages\/34\/revisions"}],"predecessor-version":[{"id":244,"href":"https:\/\/baeumer-modellplatten.de\/website\/wp-json\/wp\/v2\/pages\/34\/revisions\/244"}],"wp:featuredmedia":[{"embeddable":true,"href":"https:\/\/baeumer-modellplatten.de\/website\/wp-json\/wp\/v2\/media\/136"}],"wp:attachment":[{"href":"https:\/\/baeumer-modellplatten.de\/website\/wp-json\/wp\/v2\/media?parent=34"}],"curies":[{"name":"wp","href":"https:\/\/api.w.org\/{rel}","templated":true}]}}